{"id":717,"date":"2014-09-27T17:29:42","date_gmt":"2014-09-27T15:29:42","guid":{"rendered":"http:\/\/www.nvssf.com\/forbundet\/?page_id=717"},"modified":"2014-09-27T18:24:10","modified_gmt":"2014-09-27T16:24:10","slug":"se-partier-vasteras-open-2014","status":"publish","type":"page","link":"https:\/\/www.nvssf.com\/forbundet\/se-partier-vasteras-open-2014\/","title":{"rendered":"Partier V\u00e4ster\u00e5s Open 2014"},"content":{"rendered":"<p>Partier fylls p\u00e5 i filerna efter varje rond. Sista partiet i filen laddas i viewern vid laddning av sidan s\u00e5 du kan se p\u00e5 rondnummret i notationstexten om det tillkommit nya partier. Skifta parti g\u00f6r du genom att klicka i det gr\u00e5a f\u00e4ltet ovanf\u00f6r br\u00e4det och v\u00e4ljer parti ifr\u00e5n listan.<\/p>\n<h2>V\u00e4ster\u00e5s Open<\/h2>\n<div class='chessboard-wrapper'><pre style='display:none;'><textarea id='pgn4web_e96ccf45' style='display:none;' cols='40' rows='8'> <\/textarea><\/pre><iframe src='https:\/\/www.nvssf.com\/forbundet\/wp-content\/plugins\/embed-chessboard\/pgn4web\/board.html?am=n&amp;d=3000&amp;ig=last&amp;iv=0&amp;ih=s&amp;ss=26&amp;ps=d&amp;pf=d&amp;lch=FFCE9E&amp;dch=D18B47&amp;bbch=262626&amp;hm=b&amp;hch=4B5BAB&amp;bd=c&amp;cbch=F0F0F0&amp;ctch=696969&amp;hd=j&amp;md=f&amp;tm=13&amp;fhch=000000&amp;fhs=14&amp;fmch=000000&amp;fcch=35AB11&amp;hmch=F9FF59&amp;fms=14&amp;fcs=m&amp;cd=i&amp;bch=FFFFFF&amp;fp=13&amp;hl=t&amp;fh=365&amp;fw=p&amp;pd=https%3A%2F%2Fwww.nvssf.com%2Fforbundet%2Fwp-content%2Fuploads%2F2014%2F09%2Fvasteras_open_2014.pgn' frameborder='0' width='100%' height='365' scrolling='no' marginheight='0' marginwidth='0'>your web browser and\/or your host do not support iframes as required to display the chessboard; alternatively your wordpress theme might suppress the html iframe tag from articles or excerpts<\/iframe><\/div>\n<p>\nLadda ner pgn-filen: <a title=\"PGN-fil V\u00e4ster\u00e5s Open\" href=\"https:\/\/www.nvssf.com\/forbundet\/wp-content\/uploads\/2014\/09\/vasteras_open_2014.pgn\">V\u00e4ster\u00e5s Open partier<\/a><\/p>\n<h2>Lilla V\u00e4ster\u00e5s Open<\/h2>\n<div class='chessboard-wrapper'><pre style='display:none;'><textarea id='pgn4web_e96ccf45' style='display:none;' cols='40' rows='8'> <\/textarea><\/pre><iframe src='https:\/\/www.nvssf.com\/forbundet\/wp-content\/plugins\/embed-chessboard\/pgn4web\/board.html?am=n&amp;d=3000&amp;ig=last&amp;iv=0&amp;ih=s&amp;ss=26&amp;ps=d&amp;pf=d&amp;lch=FFCE9E&amp;dch=D18B47&amp;bbch=262626&amp;hm=b&amp;hch=4B5BAB&amp;bd=c&amp;cbch=F0F0F0&amp;ctch=696969&amp;hd=j&amp;md=f&amp;tm=13&amp;fhch=000000&amp;fhs=14&amp;fmch=000000&amp;fcch=35AB11&amp;hmch=F9FF59&amp;fms=14&amp;fcs=m&amp;cd=i&amp;bch=FFFFFF&amp;fp=13&amp;hl=t&amp;fh=365&amp;fw=p&amp;pd=https%3A%2F%2Fwww.nvssf.com%2Fforbundet%2Fwp-content%2Fuploads%2F2014%2F09%2Flilla_vasteras_open_2014.pgn' frameborder='0' width='100%' height='365' scrolling='no' marginheight='0' marginwidth='0'>your web browser and\/or your host do not support iframes as required to display the chessboard; alternatively your wordpress theme might suppress the html iframe tag from articles or excerpts<\/iframe><\/div>\n<p>Ladda ner pgn-filen: <a title=\"PGN-fil Lilla V\u00e4ster\u00e5s Open\" href=\"https:\/\/www.nvssf.com\/forbundet\/wp-content\/uploads\/2014\/09\/lilla_vasteras_open_2014.pgn\">Lilla V\u00e4ster\u00e5s Open<\/a><\/p>\n","protected":false},"excerpt":{"rendered":"<p>Partier fylls p\u00e5 i filerna efter varje rond. Sista partiet i filen laddas i viewern vid laddning av sidan s\u00e5 du kan se p\u00e5 rondnummret i notationstexten om det tillkommit nya partier. Skifta parti g\u00f6r du genom att klicka i &hellip; <a href=\"https:\/\/www.nvssf.com\/forbundet\/se-partier-vasteras-open-2014\/\">Forts\u00e4tt l\u00e4sa <span class=\"meta-nav\">&rarr;<\/span><\/a><\/p>\n","protected":false},"author":2,"featured_media":0,"parent":0,"menu_order":0,"comment_status":"open","ping_status":"open","template":"sidebar-page.php","meta":{"_acf_changed":false,"footnotes":""},"acf":[],"_links":{"self":[{"href":"https:\/\/www.nvssf.com\/forbundet\/wp-json\/wp\/v2\/pages\/717"}],"collection":[{"href":"https:\/\/www.nvssf.com\/forbundet\/wp-json\/wp\/v2\/pages"}],"about":[{"href":"https:\/\/www.nvssf.com\/forbundet\/wp-json\/wp\/v2\/types\/page"}],"author":[{"embeddable":true,"href":"https:\/\/www.nvssf.com\/forbundet\/wp-json\/wp\/v2\/users\/2"}],"replies":[{"embeddable":true,"href":"https:\/\/www.nvssf.com\/forbundet\/wp-json\/wp\/v2\/comments?post=717"}],"version-history":[{"count":0,"href":"https:\/\/www.nvssf.com\/forbundet\/wp-json\/wp\/v2\/pages\/717\/revisions"}],"wp:attachment":[{"href":"https:\/\/www.nvssf.com\/forbundet\/wp-json\/wp\/v2\/media?parent=717"}],"curies":[{"name":"wp","href":"https:\/\/api.w.org\/{rel}","templated":true}]}}