{"id":7484,"date":"2019-05-06T14:09:10","date_gmt":"2019-05-06T12:09:10","guid":{"rendered":"http:\/\/www.nvssf.com\/forbundet\/?page_id=7484"},"modified":"2019-05-13T10:46:28","modified_gmt":"2019-05-13T08:46:28","slug":"forbundets-blixtavslutning-2019","status":"publish","type":"page","link":"https:\/\/www.nvssf.com\/forbundet\/resultat\/resultat-2019\/forbundets-blixtavslutning-2019\/","title":{"rendered":"F\u00f6rbundets Blixtavslutning 2019"},"content":{"rendered":"<p>Spelformat: Berger, alla m\u00f6ter alla men det v\u00e4r \u00e4ven lagt\u00e4vling (3-manna).<\/p>\n<p>Spelplats: Vedby Kyrkostuga, Klippan<\/p>\n<p>Bet\u00e4nketid: 3 minuter + 2 sekunders till\u00e4gg<\/p>\n<h3>Lagsammans\u00e4ttning:<\/h3>\n<p><strong>Skromberga ASS<\/strong><br \/>\nHans Dehlin 1933<br \/>\nTord Andersson 1790<br \/>\nLars Persson 1662<\/p>\n<p><strong>Skromberga ASS II<\/strong><br \/>\nVictor Gerdau 1633<br \/>\nSven Olsson 1425<span id=\"more-7446\"><\/span><br \/>\nLars Segerstr\u00f6m 1349<\/p>\n<p><strong>Helsingborgs ASK<\/strong><br \/>\nPatrik Nilsson 2203<br \/>\nStefan H\u00e5kansson 2019<br \/>\nFredric Olsson 2021<\/p>\n<p><strong>Engelholms SK<\/strong><br \/>\nBo Gustafsson 1992<br \/>\nViktor Lundberg 1616<br \/>\nSusanne Ellerstrand 1501<\/p>\n<p><strong>Klippans SK<\/strong><br \/>\nRobert Dahl 1593<br \/>\nTed Sandbech 1734<br \/>\nMagnus Ljunggren 1684<\/p>\n<p><strong>HASK II<\/strong><br \/>\nFilip Jonsson 1990<br \/>\nDaniel Mena 1732<br \/>\nDaniel Johansson 1724<\/p>\n<p><strong>Kombilag Klippan\/HASK:<\/strong><br \/>\nIdris Amin,HASK 1841<br \/>\nLeif Boman,Klippans SK 1780<br \/>\nMikael Frostin,Klippans SK 1762 (LASK)<\/p>\n<h3>Slutst\u00e4llning lag:<\/h3>\n<ol>\n<li>Helsingborgs ASK I<\/li>\n<li>Skromberga ASS<\/li>\n<li>Klippans SK\/HASK<\/li>\n<\/ol>\n<h3>slutst\u00e4llning individuellt:<\/h3>\n\n<table id=\"tablepress-118\" class=\"tablepress tablepress-id-118\">\n<thead>\n<tr class=\"row-1\">\n\t<th class=\"column-1\">Namn<\/th><th class=\"column-2\">Elo<\/th><th class=\"column-3\">Klubb<\/th><th class=\"column-4\">Po\u00e4ng<\/th><th class=\"column-5\">Plac.<\/th>\n<\/tr>\n<\/thead>\n<tbody class=\"row-striping row-hover\">\n<tr class=\"row-2\">\n\t<td class=\"column-1\">Patrik Nilsson<\/td><td class=\"column-2\">2203<\/td><td class=\"column-3\">HASK<\/td><td class=\"column-4\">18.5<\/td><td class=\"column-5\">1<\/td>\n<\/tr>\n<tr class=\"row-3\">\n\t<td class=\"column-1\">Stefan H\u00e5kansson<\/td><td class=\"column-2\">2019<\/td><td class=\"column-3\">HASK<\/td><td class=\"column-4\">18.5<\/td><td class=\"column-5\">2<\/td>\n<\/tr>\n<tr class=\"row-4\">\n\t<td class=\"column-1\">Bo Gustafsson<\/td><td class=\"column-2\">1992<\/td><td class=\"column-3\">Engelholms SK<\/td><td class=\"column-4\">17.5<\/td><td class=\"column-5\">3<\/td>\n<\/tr>\n<tr class=\"row-5\">\n\t<td class=\"column-1\">Hans Dehlin<\/td><td class=\"column-2\">1933<\/td><td class=\"column-3\">Skromberga ASS<\/td><td class=\"column-4\">17.5<\/td><td class=\"column-5\"><\/td>\n<\/tr>\n<tr class=\"row-6\">\n\t<td class=\"column-1\">Fredric Olsson<\/td><td class=\"column-2\">2021<\/td><td class=\"column-3\">HASK<\/td><td class=\"column-4\">17.5<\/td><td class=\"column-5\"><\/td>\n<\/tr>\n<tr class=\"row-7\">\n\t<td class=\"column-1\">Mikael Frostin<\/td><td class=\"column-2\">1762<\/td><td class=\"column-3\">Klippans SK<\/td><td class=\"column-4\">14<\/td><td class=\"column-5\"><\/td>\n<\/tr>\n<tr class=\"row-8\">\n\t<td class=\"column-1\">Idris Amin<\/td><td class=\"column-2\">1841<\/td><td class=\"column-3\">HASK<\/td><td class=\"column-4\">14<\/td><td class=\"column-5\"><\/td>\n<\/tr>\n<tr class=\"row-9\">\n\t<td class=\"column-1\">Filip Jonsson<\/td><td class=\"column-2\">1990<\/td><td class=\"column-3\">HASK<\/td><td class=\"column-4\">13.5<\/td><td class=\"column-5\"><\/td>\n<\/tr>\n<tr class=\"row-10\">\n\t<td class=\"column-1\">Tord Andersson<\/td><td class=\"column-2\">1790<\/td><td class=\"column-3\">Skromberga ASS<\/td><td class=\"column-4\">12<\/td><td class=\"column-5\"><\/td>\n<\/tr>\n<tr class=\"row-11\">\n\t<td class=\"column-1\">Viktor Lundberg<\/td><td class=\"column-2\">1616<\/td><td class=\"column-3\">Engelholms SK<\/td><td class=\"column-4\">11.5<\/td><td class=\"column-5\"><\/td>\n<\/tr>\n<tr class=\"row-12\">\n\t<td class=\"column-1\">Magnus Ljunggren<\/td><td class=\"column-2\">1684<\/td><td class=\"column-3\">Klippans SK<\/td><td class=\"column-4\">11.5<\/td><td class=\"column-5\"><\/td>\n<\/tr>\n<tr class=\"row-13\">\n\t<td class=\"column-1\">Robert Dahl<\/td><td class=\"column-2\">1593<\/td><td class=\"column-3\">Klippans SK<\/td><td class=\"column-4\">11<\/td><td class=\"column-5\"><\/td>\n<\/tr>\n<tr class=\"row-14\">\n\t<td class=\"column-1\">Daniel Mena<\/td><td class=\"column-2\">1732<\/td><td class=\"column-3\">HASK<\/td><td class=\"column-4\">9.5<\/td><td class=\"column-5\"><\/td>\n<\/tr>\n<tr class=\"row-15\">\n\t<td class=\"column-1\">Lars Persson<\/td><td class=\"column-2\">1662<\/td><td class=\"column-3\">Skromberga ASS<\/td><td class=\"column-4\">9<\/td><td class=\"column-5\"><\/td>\n<\/tr>\n<tr class=\"row-16\">\n\t<td class=\"column-1\">Leif Boman<\/td><td class=\"column-2\">1780<\/td><td class=\"column-3\">Klippans SK<\/td><td class=\"column-4\">8.5<\/td><td class=\"column-5\"><\/td>\n<\/tr>\n<tr class=\"row-17\">\n\t<td class=\"column-1\">Ted Sandbech<\/td><td class=\"column-2\">1734<\/td><td class=\"column-3\">Klippans SK<\/td><td class=\"column-4\">7.5<\/td><td class=\"column-5\"><\/td>\n<\/tr>\n<tr class=\"row-18\">\n\t<td class=\"column-1\">Susanne Ellerstrand<\/td><td class=\"column-2\">1501<\/td><td class=\"column-3\">Engelholms SK<\/td><td class=\"column-4\">5<\/td><td class=\"column-5\"><\/td>\n<\/tr>\n<tr class=\"row-19\">\n\t<td class=\"column-1\">Sven Olsson<\/td><td class=\"column-2\">1425<\/td><td class=\"column-3\">Skromberga ASS<\/td><td class=\"column-4\">4.5<\/td><td class=\"column-5\"><\/td>\n<\/tr>\n<tr class=\"row-20\">\n\t<td class=\"column-1\">Victor Gerdau<\/td><td class=\"column-2\">1663<\/td><td class=\"column-3\">Skromberga ASS<\/td><td class=\"column-4\">4<\/td><td class=\"column-5\"><\/td>\n<\/tr>\n<tr class=\"row-21\">\n\t<td class=\"column-1\">Daniel Johansson<\/td><td class=\"column-2\">1724<\/td><td class=\"column-3\">HASK<\/td><td class=\"column-4\">4<\/td><td class=\"column-5\"><\/td>\n<\/tr>\n<tr class=\"row-22\">\n\t<td class=\"column-1\">Lars Segerstr\u00f6m<\/td><td class=\"column-2\">1349<\/td><td class=\"column-3\">Skromberga ASS<\/td><td class=\"column-4\">3<\/td><td class=\"column-5\"><\/td>\n<\/tr>\n<\/tbody>\n<\/table>\n<!-- #tablepress-118 from cache -->\n<p><a href=\"https:\/\/member.schack.se\/ShowTournamentServlet?id=7323\" target=\"_blank\" rel=\"noopener noreferrer\">T\u00e4vlingen i Sveriges Schackf\u00f6rbunds t\u00e4vlingssystem.<\/a><\/p>\n<p><a href=\"https:\/\/www.nvssf.com\/forbundet\/wp-content\/uploads\/2019\/05\/blixtavslutningen2019Bergertabell.pdf\" target=\"_blank\" rel=\"noopener noreferrer\">Bergertabell (PDF)<\/a><\/p>\n<p>&nbsp;<\/p>\n<p>&nbsp;<\/p>\n","protected":false},"excerpt":{"rendered":"<p>Spelformat: Berger, alla m\u00f6ter alla men det v\u00e4r \u00e4ven lagt\u00e4vling (3-manna). Spelplats: Vedby Kyrkostuga, Klippan Bet\u00e4nketid: 3 minuter + 2 sekunders till\u00e4gg Lagsammans\u00e4ttning: Skromberga ASS Hans Dehlin 1933 Tord Andersson 1790 Lars Persson 1662 Skromberga ASS II Victor Gerdau 1633 &hellip; <a href=\"https:\/\/www.nvssf.com\/forbundet\/resultat\/resultat-2019\/forbundets-blixtavslutning-2019\/\">Forts\u00e4tt l\u00e4sa <span class=\"meta-nav\">&rarr;<\/span><\/a><\/p>\n","protected":false},"author":2,"featured_media":0,"parent":7081,"menu_order":0,"comment_status":"closed","ping_status":"closed","template":"sidebar-page.php","meta":{"_acf_changed":false,"footnotes":""},"acf":[],"_links":{"self":[{"href":"https:\/\/www.nvssf.com\/forbundet\/wp-json\/wp\/v2\/pages\/7484"}],"collection":[{"href":"https:\/\/www.nvssf.com\/forbundet\/wp-json\/wp\/v2\/pages"}],"about":[{"href":"https:\/\/www.nvssf.com\/forbundet\/wp-json\/wp\/v2\/types\/page"}],"author":[{"embeddable":true,"href":"https:\/\/www.nvssf.com\/forbundet\/wp-json\/wp\/v2\/users\/2"}],"replies":[{"embeddable":true,"href":"https:\/\/www.nvssf.com\/forbundet\/wp-json\/wp\/v2\/comments?post=7484"}],"version-history":[{"count":1,"href":"https:\/\/www.nvssf.com\/forbundet\/wp-json\/wp\/v2\/pages\/7484\/revisions"}],"predecessor-version":[{"id":7498,"href":"https:\/\/www.nvssf.com\/forbundet\/wp-json\/wp\/v2\/pages\/7484\/revisions\/7498"}],"up":[{"embeddable":true,"href":"https:\/\/www.nvssf.com\/forbundet\/wp-json\/wp\/v2\/pages\/7081"}],"wp:attachment":[{"href":"https:\/\/www.nvssf.com\/forbundet\/wp-json\/wp\/v2\/media?parent=7484"}],"curies":[{"name":"wp","href":"https:\/\/api.w.org\/{rel}","templated":true}]}}