{"id":8110,"date":"2019-12-07T10:06:30","date_gmt":"2019-12-07T09:06:30","guid":{"rendered":"http:\/\/www.nvssf.com\/forbundet\/?page_id=8110"},"modified":"2019-12-07T13:15:37","modified_gmt":"2019-12-07T12:15:37","slug":"junior-dm-i-blixt-2019","status":"publish","type":"page","link":"https:\/\/www.nvssf.com\/forbundet\/resultat\/resultat-2019\/junior-dm-i-blixt-2019\/","title":{"rendered":"Junior-DM i Blixt 2019"},"content":{"rendered":"<p><strong>Spelform:<\/strong> Juniorer 9 ronder Berger. Knattar + Miniorer 9 ronder Schweizer.<br \/>\n<strong>\u00c5ldersgrupper:<\/strong> Knattar (2009-) + Miniorer (2007-2008). Juniorer (1999-2006)<br \/>\n<strong>Spellokal:<\/strong> Helsingborgs ASK klubblokal,Min\u00f6rgatan 6 Helsingborg<br \/>\n<strong>Bet\u00e4nketid:<\/strong> Miniorer + Knattar: 10 minuter spelare\/parti. Juniorer: 3 minuter + 3 sekunders inkrement.<br \/>\n<strong>Resultatsida SSF medlemssytem:<\/strong> <a href=\"https:\/\/member.schack.se\/ShowTournamentServlet?id=7976\" target=\"_blank\" rel=\"noopener noreferrer\">https:\/\/member.schack.se\/ShowTournamentServlet?id=7976<\/a><\/p>\n<h3>slutst\u00e4llning Juniorklassen<\/h3>\n<p><a href=\"https:\/\/www.nvssf.com\/forbundet\/wp-content\/uploads\/2019\/12\/JDMblixt2019tabellJunior.png\"><img loading=\"lazy\" decoding=\"async\" class=\"alignleft size-full wp-image-8119\" src=\"https:\/\/www.nvssf.com\/forbundet\/wp-content\/uploads\/2019\/12\/JDMblixt2019tabellJunior.png\" alt=\"\" width=\"991\" height=\"328\" srcset=\"https:\/\/www.nvssf.com\/forbundet\/wp-content\/uploads\/2019\/12\/JDMblixt2019tabellJunior.png 991w, https:\/\/www.nvssf.com\/forbundet\/wp-content\/uploads\/2019\/12\/JDMblixt2019tabellJunior-300x99.png 300w, https:\/\/www.nvssf.com\/forbundet\/wp-content\/uploads\/2019\/12\/JDMblixt2019tabellJunior-150x50.png 150w, https:\/\/www.nvssf.com\/forbundet\/wp-content\/uploads\/2019\/12\/JDMblixt2019tabellJunior-768x254.png 768w, https:\/\/www.nvssf.com\/forbundet\/wp-content\/uploads\/2019\/12\/JDMblixt2019tabellJunior-500x165.png 500w\" sizes=\"(max-width: 991px) 100vw, 991px\" \/><\/a><\/p>\n<h3>slutst\u00e4llning miniorklassen<\/h3>\n<ol>\n<li>Viktor Fahl\u00c3\u00a9n,Helsingborgs ASK (Viktor var den enda anm\u00e4lda spelaren i Minorklassen och spelade tillsammans med knattarna.)<\/li>\n<\/ol>\n<h3>slutst\u00e4llning knatteklassen<\/h3>\n<p><a href=\"https:\/\/www.nvssf.com\/forbundet\/wp-content\/uploads\/2019\/12\/JDMblixt2019tabellKnattarMinior.png\"><img loading=\"lazy\" decoding=\"async\" class=\"alignleft size-full wp-image-8117\" src=\"https:\/\/www.nvssf.com\/forbundet\/wp-content\/uploads\/2019\/12\/JDMblixt2019tabellKnattarMinior.png\" alt=\"\" width=\"721\" height=\"432\" srcset=\"https:\/\/www.nvssf.com\/forbundet\/wp-content\/uploads\/2019\/12\/JDMblixt2019tabellKnattarMinior.png 721w, https:\/\/www.nvssf.com\/forbundet\/wp-content\/uploads\/2019\/12\/JDMblixt2019tabellKnattarMinior-300x180.png 300w, https:\/\/www.nvssf.com\/forbundet\/wp-content\/uploads\/2019\/12\/JDMblixt2019tabellKnattarMinior-150x90.png 150w, https:\/\/www.nvssf.com\/forbundet\/wp-content\/uploads\/2019\/12\/JDMblixt2019tabellKnattarMinior-500x300.png 500w\" sizes=\"(max-width: 721px) 100vw, 721px\" \/><\/a><\/p>\n","protected":false},"excerpt":{"rendered":"<p>Spelform: Juniorer 9 ronder Berger. Knattar + Miniorer 9 ronder Schweizer. \u00c5ldersgrupper: Knattar (2009-) + Miniorer (2007-2008). Juniorer (1999-2006) Spellokal: Helsingborgs ASK klubblokal,Min\u00f6rgatan 6 Helsingborg Bet\u00e4nketid: Miniorer + Knattar: 10 minuter spelare\/parti. Juniorer: 3 minuter + 3 sekunders inkrement. Resultatsida &hellip; <a href=\"https:\/\/www.nvssf.com\/forbundet\/resultat\/resultat-2019\/junior-dm-i-blixt-2019\/\">Forts\u00e4tt l\u00e4sa <span class=\"meta-nav\">&rarr;<\/span><\/a><\/p>\n","protected":false},"author":2,"featured_media":0,"parent":7081,"menu_order":0,"comment_status":"closed","ping_status":"open","template":"sidebar-page.php","meta":{"_acf_changed":false,"footnotes":""},"acf":[],"_links":{"self":[{"href":"https:\/\/www.nvssf.com\/forbundet\/wp-json\/wp\/v2\/pages\/8110"}],"collection":[{"href":"https:\/\/www.nvssf.com\/forbundet\/wp-json\/wp\/v2\/pages"}],"about":[{"href":"https:\/\/www.nvssf.com\/forbundet\/wp-json\/wp\/v2\/types\/page"}],"author":[{"embeddable":true,"href":"https:\/\/www.nvssf.com\/forbundet\/wp-json\/wp\/v2\/users\/2"}],"replies":[{"embeddable":true,"href":"https:\/\/www.nvssf.com\/forbundet\/wp-json\/wp\/v2\/comments?post=8110"}],"version-history":[{"count":1,"href":"https:\/\/www.nvssf.com\/forbundet\/wp-json\/wp\/v2\/pages\/8110\/revisions"}],"predecessor-version":[{"id":8120,"href":"https:\/\/www.nvssf.com\/forbundet\/wp-json\/wp\/v2\/pages\/8110\/revisions\/8120"}],"up":[{"embeddable":true,"href":"https:\/\/www.nvssf.com\/forbundet\/wp-json\/wp\/v2\/pages\/7081"}],"wp:attachment":[{"href":"https:\/\/www.nvssf.com\/forbundet\/wp-json\/wp\/v2\/media?parent=8110"}],"curies":[{"name":"wp","href":"https:\/\/api.w.org\/{rel}","templated":true}]}}