{"id":8234,"date":"2020-01-02T10:42:07","date_gmt":"2020-01-02T09:42:07","guid":{"rendered":"http:\/\/www.nvssf.com\/forbundet\/?page_id=8234"},"modified":"2020-01-02T10:42:07","modified_gmt":"2020-01-02T09:42:07","slug":"resultat-2020","status":"publish","type":"page","link":"https:\/\/www.nvssf.com\/forbundet\/resultat\/resultat-2020\/","title":{"rendered":"Resultat 2020"},"content":{"rendered":"\n<!-- Page-list plugin v.5.9 wordpress.org\/plugins\/page-list\/ -->\n<ul class=\"page-list \">\n<li class=\"page_item page-item-9403\"><a href=\"https:\/\/www.nvssf.com\/forbundet\/resultat\/resultat-2020\/scandic-helsingborg-nord-open-oktober\/\">Scandic Helsingborg Nord Open oktober<\/a><\/li>\n<li class=\"page_item page-item-9265\"><a href=\"https:\/\/www.nvssf.com\/forbundet\/resultat\/resultat-2020\/scandic-helsingborg-nord-open-september\/\">Scandic Helsingborg Nord Open september<\/a><\/li>\n<li class=\"page_item page-item-9226\"><a href=\"https:\/\/www.nvssf.com\/forbundet\/resultat\/resultat-2020\/oppna-skanska-skolmasterskapet-2020\/\">\u00d6ppna Sk\u00e5nska Skolm\u00e4sterskapet  2020<\/a><\/li>\n<li class=\"page_item page-item-8996\"><a href=\"https:\/\/www.nvssf.com\/forbundet\/resultat\/resultat-2020\/swedish-rapid-team-battle-div-ii-2020-sasong-2\/\">Swedish Rapid Team Battle Div II &#038; III 2020 s\u00e4song 2<\/a><\/li>\n<li class=\"page_item page-item-8919\"><a href=\"https:\/\/www.nvssf.com\/forbundet\/resultat\/resultat-2020\/swedish-team-battle-div-iii-2020-sasong-2\/\">Swedish Team Battle Div III 2020 s\u00e4song 2<\/a><\/li>\n<li class=\"page_item page-item-8843\"><a href=\"https:\/\/www.nvssf.com\/forbundet\/resultat\/resultat-2020\/swedish-rapid-team-battle-div-ii-2020\/\">Swedish Rapid Team Battle Div II 2020 s\u00e4song 1<\/a><\/li>\n<li class=\"page_item page-item-8759\"><a href=\"https:\/\/www.nvssf.com\/forbundet\/resultat\/resultat-2020\/swedish-team-battle-div-iii-2020\/\">Swedish Team Battle Div III 2020 s\u00e4song 1<\/a><\/li>\n\n<\/ul>\n","protected":false},"excerpt":{"rendered":"","protected":false},"author":2,"featured_media":0,"parent":4497,"menu_order":0,"comment_status":"closed","ping_status":"open","template":"sidebar-page.php","meta":{"_acf_changed":false,"footnotes":""},"acf":[],"_links":{"self":[{"href":"https:\/\/www.nvssf.com\/forbundet\/wp-json\/wp\/v2\/pages\/8234"}],"collection":[{"href":"https:\/\/www.nvssf.com\/forbundet\/wp-json\/wp\/v2\/pages"}],"about":[{"href":"https:\/\/www.nvssf.com\/forbundet\/wp-json\/wp\/v2\/types\/page"}],"author":[{"embeddable":true,"href":"https:\/\/www.nvssf.com\/forbundet\/wp-json\/wp\/v2\/users\/2"}],"replies":[{"embeddable":true,"href":"https:\/\/www.nvssf.com\/forbundet\/wp-json\/wp\/v2\/comments?post=8234"}],"version-history":[{"count":1,"href":"https:\/\/www.nvssf.com\/forbundet\/wp-json\/wp\/v2\/pages\/8234\/revisions"}],"predecessor-version":[{"id":8235,"href":"https:\/\/www.nvssf.com\/forbundet\/wp-json\/wp\/v2\/pages\/8234\/revisions\/8235"}],"up":[{"embeddable":true,"href":"https:\/\/www.nvssf.com\/forbundet\/wp-json\/wp\/v2\/pages\/4497"}],"wp:attachment":[{"href":"https:\/\/www.nvssf.com\/forbundet\/wp-json\/wp\/v2\/media?parent=8234"}],"curies":[{"name":"wp","href":"https:\/\/api.w.org\/{rel}","templated":true}]}}