{"id":8759,"date":"2020-05-04T11:53:02","date_gmt":"2020-05-04T09:53:02","guid":{"rendered":"http:\/\/www.nvssf.com\/forbundet\/?page_id=8759"},"modified":"2020-06-03T09:18:38","modified_gmt":"2020-06-03T07:18:38","slug":"swedish-team-battle-div-iii-2020","status":"publish","type":"page","link":"https:\/\/www.nvssf.com\/forbundet\/resultat\/resultat-2020\/swedish-team-battle-div-iii-2020\/","title":{"rendered":"Swedish Team Battle Div III 2020 s\u00e4song 1"},"content":{"rendered":"<p><a href=\"https:\/\/www.nvssf.com\/forbundet\/wp-content\/uploads\/2020\/04\/swedish-Teambattlelogga.jpg\"><img loading=\"lazy\" decoding=\"async\" class=\"aligncenter size-thumbnail wp-image-8718\" src=\"https:\/\/www.nvssf.com\/forbundet\/wp-content\/uploads\/2020\/04\/swedish-Teambattlelogga-150x84.jpg\" alt=\"\" width=\"150\" height=\"84\" srcset=\"https:\/\/www.nvssf.com\/forbundet\/wp-content\/uploads\/2020\/04\/swedish-Teambattlelogga-150x84.jpg 150w, https:\/\/www.nvssf.com\/forbundet\/wp-content\/uploads\/2020\/04\/swedish-Teambattlelogga-300x169.jpg 300w, https:\/\/www.nvssf.com\/forbundet\/wp-content\/uploads\/2020\/04\/swedish-Teambattlelogga-500x281.jpg 500w, https:\/\/www.nvssf.com\/forbundet\/wp-content\/uploads\/2020\/04\/swedish-Teambattlelogga.jpg 588w\" sizes=\"(max-width: 150px) 100vw, 150px\" \/><\/a><br \/>\nBet\u00e4nketid: 3 minuter + 2 sec inc.<\/p>\n<p>Spelplats: <a href=\"https:\/\/lichess.org\/\" target=\"_blank\" rel=\"noopener noreferrer\">https:\/\/lichess.org\/<\/a><\/p>\n<h3>tabell<\/h3>\n\n<table id=\"tablepress-123\" class=\"tablepress tablepress-id-123\">\n<thead>\n<tr class=\"row-1\">\n\t<th class=\"column-1\">Plac.<\/th><th class=\"column-2\">Lag<\/th><th class=\"column-3\">Partipo\u00e4ng r1<\/th><th class=\"column-4\">Partipo\u00e4ng r2<\/th><th class=\"column-5\">Partipo\u00e4ng r3<\/th><th class=\"column-6\">Partipo\u00e4ng r4<\/th><th class=\"column-7\">Partipo\u00e4ng r5<\/th><th class=\"column-8\">S:a Po\u00e4ng<\/th>\n<\/tr>\n<\/thead>\n<tbody class=\"row-striping row-hover\">\n<tr class=\"row-2\">\n\t<td class=\"column-1\">1<\/td><td class=\"column-2\">Uppsala SSS<\/td><td class=\"column-3\">257<\/td><td class=\"column-4\">226<\/td><td class=\"column-5\">222<\/td><td class=\"column-6\">250<\/td><td class=\"column-7\">231<\/td><td class=\"column-8\">50<\/td>\n<\/tr>\n<tr class=\"row-3\">\n\t<td class=\"column-1\">2<\/td><td class=\"column-2\">Visby SK<\/td><td class=\"column-3\">151<\/td><td class=\"column-4\">241<\/td><td class=\"column-5\">226<\/td><td class=\"column-6\">346<\/td><td class=\"column-7\">430<\/td><td class=\"column-8\">48<\/td>\n<\/tr>\n<tr class=\"row-4\">\n\t<td class=\"column-1\">3<\/td><td class=\"column-2\">Kristineberg SCB<\/td><td class=\"column-3\">231<\/td><td class=\"column-4\">206<\/td><td class=\"column-5\">263<\/td><td class=\"column-6\">204<\/td><td class=\"column-7\">197<\/td><td class=\"column-8\">43<\/td>\n<\/tr>\n<tr class=\"row-5\">\n\t<td class=\"column-1\">4<\/td><td class=\"column-2\">Helsingborgs ASK<\/td><td class=\"column-3\">224<\/td><td class=\"column-4\">219<\/td><td class=\"column-5\">220<\/td><td class=\"column-6\">203<\/td><td class=\"column-7\">196<\/td><td class=\"column-8\">36<\/td>\n<\/tr>\n<tr class=\"row-6\">\n\t<td class=\"column-1\">5<\/td><td class=\"column-2\">Link\u00f6pings ASS<\/td><td class=\"column-3\">204<\/td><td class=\"column-4\">198<\/td><td class=\"column-5\">215<\/td><td class=\"column-6\">193<\/td><td class=\"column-7\">204<\/td><td class=\"column-8\">31<\/td>\n<\/tr>\n<tr class=\"row-7\">\n\t<td class=\"column-1\">6<\/td><td class=\"column-2\">Eskilstuna SK<\/td><td class=\"column-3\">156<\/td><td class=\"column-4\">215<\/td><td class=\"column-5\">167<\/td><td class=\"column-6\">200<\/td><td class=\"column-7\">134<\/td><td class=\"column-8\">23<\/td>\n<\/tr>\n<tr class=\"row-8\">\n\t<td class=\"column-1\">7<\/td><td class=\"column-2\">Blekinge-Nordsk\u00e5ne<\/td><td class=\"column-3\">202<\/td><td class=\"column-4\">171<\/td><td class=\"column-5\">154<\/td><td class=\"column-6\">163<\/td><td class=\"column-7\">165<\/td><td class=\"column-8\">20<\/td>\n<\/tr>\n<tr class=\"row-9\">\n\t<td class=\"column-1\">8<\/td><td class=\"column-2\">Helsingborgs SS<\/td><td class=\"column-3\">185<\/td><td class=\"column-4\">148<\/td><td class=\"column-5\">159<\/td><td class=\"column-6\">181<\/td><td class=\"column-7\">161<\/td><td class=\"column-8\">18<\/td>\n<\/tr>\n<tr class=\"row-10\">\n\t<td class=\"column-1\">9<\/td><td class=\"column-2\">ChessArboga<\/td><td class=\"column-3\">173<\/td><td class=\"column-4\">157<\/td><td class=\"column-5\">154<\/td><td class=\"column-6\">134<\/td><td class=\"column-7\">159<\/td><td class=\"column-8\">13<\/td>\n<\/tr>\n<tr class=\"row-11\">\n\t<td class=\"column-1\">10<\/td><td class=\"column-2\">SS Gambit<\/td><td class=\"column-3\">150<\/td><td class=\"column-4\">173<\/td><td class=\"column-5\">122<\/td><td class=\"column-6\">122<\/td><td class=\"column-7\">126<\/td><td class=\"column-8\">8<\/td>\n<\/tr>\n<\/tbody>\n<\/table>\n<!-- #tablepress-123 from cache -->\n<p><strong>Po\u00e4ngber\u00e4kning:<\/strong><br \/>\nEttan: 12 po\u00e4ng<br \/>\nTv\u00e5an: 10 po\u00e4ng.<br \/>\nTrean: 8 po\u00e4ng.<br \/>\nFyran: 7 po\u00e4ng.<br \/>\nFemman: 6 po\u00e4ng.<br \/>\nSexan: 5 po\u00e4ng.<br \/>\nSjuan: 4 po\u00e4ng.<br \/>\n\u00c5ttan: 3 po\u00e4ng.<br \/>\nNian: 2 po\u00e4ng.<br \/>\nTian: 1 po\u00e4ng.<\/p>\n<p><a href=\"https:\/\/www.nvssf.com\/forbundet\/wp-content\/uploads\/2020\/06\/sctbDiv3S1_2020_v2.pgn\" rel=\"noopener noreferrer\">Partier<\/a><\/p>\n<h3>Ronder<\/h3>\n<p><a href=\"https:\/\/lichess.org\/tournament\/seyi8jqH\" target=\"_blank\" rel=\"noopener noreferrer\">3 maj: Rond 1<\/a><\/p>\n<p><a href=\"https:\/\/lichess.org\/tournament\/IfmiPiCh\" target=\"_blank\" rel=\"noopener noreferrer\">10 maj: Rond 2<\/a><\/p>\n<p><a href=\"https:\/\/lichess.org\/tournament\/87SXDoEs\" target=\"_blank\" rel=\"noopener noreferrer\">17 maj :Rond 3<\/a><\/p>\n<p><a href=\"https:\/\/lichess.org\/tournament\/c0on7BuT\" target=\"_blank\" rel=\"noopener noreferrer\">24 maj: Rond 4<\/a><\/p>\n<p><a href=\"https:\/\/lichess.org\/tournament\/m7ThdB7v\" target=\"_blank\" rel=\"noopener noreferrer\">31 maj: Rond 5<\/a><\/p>\n<p><a href=\"https:\/\/schack.se\/nyhet\/sverige\/2020\/03\/uppdatering-regler-om-fusk-och-spelarnamn-i-swedish-chess-team-battle\/\" target=\"_blank\" rel=\"noopener noreferrer\">Regler<\/a><\/p>\n","protected":false},"excerpt":{"rendered":"<p>Bet\u00e4nketid: 3 minuter + 2 sec inc. Spelplats: https:\/\/lichess.org\/ tabell Po\u00e4ngber\u00e4kning: Ettan: 12 po\u00e4ng Tv\u00e5an: 10 po\u00e4ng. Trean: 8 po\u00e4ng. Fyran: 7 po\u00e4ng. Femman: 6 po\u00e4ng. Sexan: 5 po\u00e4ng. Sjuan: 4 po\u00e4ng. \u00c5ttan: 3 po\u00e4ng. Nian: 2 po\u00e4ng. Tian: 1 &hellip; <a href=\"https:\/\/www.nvssf.com\/forbundet\/resultat\/resultat-2020\/swedish-team-battle-div-iii-2020\/\">Forts\u00e4tt l\u00e4sa <span class=\"meta-nav\">&rarr;<\/span><\/a><\/p>\n","protected":false},"author":2,"featured_media":0,"parent":8234,"menu_order":0,"comment_status":"open","ping_status":"open","template":"","meta":{"_acf_changed":false,"footnotes":""},"acf":[],"_links":{"self":[{"href":"https:\/\/www.nvssf.com\/forbundet\/wp-json\/wp\/v2\/pages\/8759"}],"collection":[{"href":"https:\/\/www.nvssf.com\/forbundet\/wp-json\/wp\/v2\/pages"}],"about":[{"href":"https:\/\/www.nvssf.com\/forbundet\/wp-json\/wp\/v2\/types\/page"}],"author":[{"embeddable":true,"href":"https:\/\/www.nvssf.com\/forbundet\/wp-json\/wp\/v2\/users\/2"}],"replies":[{"embeddable":true,"href":"https:\/\/www.nvssf.com\/forbundet\/wp-json\/wp\/v2\/comments?post=8759"}],"version-history":[{"count":1,"href":"https:\/\/www.nvssf.com\/forbundet\/wp-json\/wp\/v2\/pages\/8759\/revisions"}],"predecessor-version":[{"id":8894,"href":"https:\/\/www.nvssf.com\/forbundet\/wp-json\/wp\/v2\/pages\/8759\/revisions\/8894"}],"up":[{"embeddable":true,"href":"https:\/\/www.nvssf.com\/forbundet\/wp-json\/wp\/v2\/pages\/8234"}],"wp:attachment":[{"href":"https:\/\/www.nvssf.com\/forbundet\/wp-json\/wp\/v2\/media?parent=8759"}],"curies":[{"name":"wp","href":"https:\/\/api.w.org\/{rel}","templated":true}]}}