{"id":8843,"date":"2020-05-22T13:55:05","date_gmt":"2020-05-22T11:55:05","guid":{"rendered":"http:\/\/www.nvssf.com\/forbundet\/?page_id=8843"},"modified":"2020-06-19T20:19:21","modified_gmt":"2020-06-19T18:19:21","slug":"swedish-rapid-team-battle-div-ii-2020","status":"publish","type":"page","link":"https:\/\/www.nvssf.com\/forbundet\/resultat\/resultat-2020\/swedish-rapid-team-battle-div-ii-2020\/","title":{"rendered":"Swedish Rapid Team Battle Div II 2020 s\u00e4song 1"},"content":{"rendered":"<p><a href=\"https:\/\/www.nvssf.com\/forbundet\/wp-content\/uploads\/2020\/05\/swedishrapidteambattle-logga.png\"><img loading=\"lazy\" decoding=\"async\" class=\"aligncenter size-thumbnail wp-image-8775\" src=\"https:\/\/www.nvssf.com\/forbundet\/wp-content\/uploads\/2020\/05\/swedishrapidteambattle-logga-150x84.png\" alt=\"\" width=\"150\" height=\"84\" srcset=\"https:\/\/www.nvssf.com\/forbundet\/wp-content\/uploads\/2020\/05\/swedishrapidteambattle-logga-150x84.png 150w, https:\/\/www.nvssf.com\/forbundet\/wp-content\/uploads\/2020\/05\/swedishrapidteambattle-logga-300x169.png 300w, https:\/\/www.nvssf.com\/forbundet\/wp-content\/uploads\/2020\/05\/swedishrapidteambattle-logga-500x281.png 500w, https:\/\/www.nvssf.com\/forbundet\/wp-content\/uploads\/2020\/05\/swedishrapidteambattle-logga.png 588w\" sizes=\"(max-width: 150px) 100vw, 150px\" \/><\/a><br \/>\nBet\u00e4nketid: 10 min + 2 sekunders increment.<\/p>\n<p>Spelplats: <a href=\"https:\/\/lichess.org\/\" target=\"_blank\" rel=\"noopener noreferrer\">https:\/\/lichess.org\/<\/a><\/p>\n<p>| <a href=\"https:\/\/www.nvssf.com\/forbundet\/wp-content\/uploads\/2020\/06\/sctbRapidDiv2S1_2020_v4.pgn\">Partier<\/a> |<\/p>\n<h3>Tabell<\/h3>\n\n<table id=\"tablepress-124\" class=\"tablepress tablepress-id-124\">\n<thead>\n<tr class=\"row-1\">\n\t<th class=\"column-1\">Plac.<\/th><th class=\"column-2\">Lag<\/th><th class=\"column-3\">Partipo\u00e4ng r1<\/th><th class=\"column-4\">Partipo\u00e4ng r2<\/th><th class=\"column-5\">Partipo\u00e4ng r3<\/th><th class=\"column-6\">Partipo\u00e4ng r4<\/th><th class=\"column-7\">Po\u00e4ng<\/th>\n<\/tr>\n<\/thead>\n<tbody class=\"row-striping row-hover\">\n<tr class=\"row-2\">\n\t<td class=\"column-1\">1<\/td><td class=\"column-2\">Eksj\u00f6 SK<\/td><td class=\"column-3\">140<\/td><td class=\"column-4\">196<\/td><td class=\"column-5\">125<\/td><td class=\"column-6\">156<\/td><td class=\"column-7\">48<\/td>\n<\/tr>\n<tr class=\"row-3\">\n\t<td class=\"column-1\">2<\/td><td class=\"column-2\">Lunds ASK<\/td><td class=\"column-3\">89<\/td><td class=\"column-4\">85<\/td><td class=\"column-5\">75<\/td><td class=\"column-6\">118<\/td><td class=\"column-7\">36<\/td>\n<\/tr>\n<tr class=\"row-4\">\n\t<td class=\"column-1\">3<\/td><td class=\"column-2\">Kristineberg SRCB<\/td><td class=\"column-3\">99<\/td><td class=\"column-4\">47<\/td><td class=\"column-5\">85<\/td><td class=\"column-6\">67<\/td><td class=\"column-7\">28<\/td>\n<\/tr>\n<tr class=\"row-5\">\n\t<td class=\"column-1\">4<\/td><td class=\"column-2\">SS Seniorerna Uppsala<\/td><td class=\"column-3\">64<\/td><td class=\"column-4\">60<\/td><td class=\"column-5\">73<\/td><td class=\"column-6\">75<\/td><td class=\"column-7\">24<\/td>\n<\/tr>\n<tr class=\"row-6\">\n\t<td class=\"column-1\">5<\/td><td class=\"column-2\">Helsingborgs SS<\/td><td class=\"column-3\">82<\/td><td class=\"column-4\">58<\/td><td class=\"column-5\">67<\/td><td class=\"column-6\">57<\/td><td class=\"column-7\">22<\/td>\n<\/tr>\n<tr class=\"row-7\">\n\t<td class=\"column-1\">6<\/td><td class=\"column-2\">Wasa SK II<\/td><td class=\"column-3\">74<\/td><td class=\"column-4\">76<\/td><td class=\"column-5\">39<\/td><td class=\"column-6\">52<\/td><td class=\"column-7\">19<\/td>\n<\/tr>\n<tr class=\"row-8\">\n\t<td class=\"column-1\">7<\/td><td class=\"column-2\">Kungstornet<\/td><td class=\"column-3\">63<\/td><td class=\"column-4\">71<\/td><td class=\"column-5\">57<\/td><td class=\"column-6\">45<\/td><td class=\"column-7\">17<\/td>\n<\/tr>\n<tr class=\"row-9\">\n\t<td class=\"column-1\">8<\/td><td class=\"column-2\">Stockholms SS<\/td><td class=\"column-3\">49<\/td><td class=\"column-4\">57<\/td><td class=\"column-5\">32<\/td><td class=\"column-6\">79<\/td><td class=\"column-7\">16<\/td>\n<\/tr>\n<tr class=\"row-10\">\n\t<td class=\"column-1\">9<\/td><td class=\"column-2\">Schack 08<\/td><td class=\"column-3\">79<\/td><td class=\"column-4\">54<\/td><td class=\"column-5\">42<\/td><td class=\"column-6\">14<\/td><td class=\"column-7\">14<\/td>\n<\/tr>\n<tr class=\"row-11\">\n\t<td class=\"column-1\">10<\/td><td class=\"column-2\">T\u00e4by SK<\/td><td class=\"column-3\">48<\/td><td class=\"column-4\">29<\/td><td class=\"column-5\">30<\/td><td class=\"column-6\">63<\/td><td class=\"column-7\">8<\/td>\n<\/tr>\n<\/tbody>\n<\/table>\n<!-- #tablepress-124 from cache -->\n<p><strong>Po\u00e4ngber\u00e4kning:<\/strong><br \/>\nEttan: 12 po\u00e4ng<br \/>\nTv\u00e5an: 10 po\u00e4ng.<br \/>\nTrean: 8 po\u00e4ng.<br \/>\nFyran: 7 po\u00e4ng.<br \/>\nFemman: 6 po\u00e4ng.<br \/>\nSexan: 5 po\u00e4ng.<br \/>\nSjuan: 4 po\u00e4ng.<br \/>\n\u00c5ttan: 3 po\u00e4ng.<br \/>\nNian: 2 po\u00e4ng.<br \/>\nTian: 1 po\u00e4ng.<\/p>\n<h3>l\u00e4nkar<\/h3>\n<p><a href=\"https:\/\/lichess.org\/tournament\/ECZR6bFJ\" target=\"_blank\" rel=\"noopener noreferrer\">27 maj: Rond 1<\/a><\/p>\n<p><a href=\"https:\/\/lichess.org\/tournament\/XZvcxSS1\" target=\"_blank\" rel=\"noopener noreferrer\">3 juni: Rond 2<\/a><\/p>\n<p><a href=\"https:\/\/lichess.org\/tournament\/cdA1gaQs\" target=\"_blank\" rel=\"noopener noreferrer\">10 juni: Rond 3<\/a><\/p>\n<p><a href=\"https:\/\/lichess.org\/tournament\/Bf93Y086\" target=\"_blank\" rel=\"noopener noreferrer\">17 juni: Rond 4<\/a><\/p>\n","protected":false},"excerpt":{"rendered":"<p>Bet\u00e4nketid: 10 min + 2 sekunders increment. Spelplats: https:\/\/lichess.org\/ | Partier | Tabell Po\u00e4ngber\u00e4kning: Ettan: 12 po\u00e4ng Tv\u00e5an: 10 po\u00e4ng. Trean: 8 po\u00e4ng. Fyran: 7 po\u00e4ng. Femman: 6 po\u00e4ng. Sexan: 5 po\u00e4ng. Sjuan: 4 po\u00e4ng. \u00c5ttan: 3 po\u00e4ng. Nian: 2 &hellip; <a href=\"https:\/\/www.nvssf.com\/forbundet\/resultat\/resultat-2020\/swedish-rapid-team-battle-div-ii-2020\/\">Forts\u00e4tt l\u00e4sa <span class=\"meta-nav\">&rarr;<\/span><\/a><\/p>\n","protected":false},"author":2,"featured_media":0,"parent":8234,"menu_order":0,"comment_status":"closed","ping_status":"closed","template":"","meta":{"_acf_changed":false,"footnotes":""},"acf":[],"_links":{"self":[{"href":"https:\/\/www.nvssf.com\/forbundet\/wp-json\/wp\/v2\/pages\/8843"}],"collection":[{"href":"https:\/\/www.nvssf.com\/forbundet\/wp-json\/wp\/v2\/pages"}],"about":[{"href":"https:\/\/www.nvssf.com\/forbundet\/wp-json\/wp\/v2\/types\/page"}],"author":[{"embeddable":true,"href":"https:\/\/www.nvssf.com\/forbundet\/wp-json\/wp\/v2\/users\/2"}],"replies":[{"embeddable":true,"href":"https:\/\/www.nvssf.com\/forbundet\/wp-json\/wp\/v2\/comments?post=8843"}],"version-history":[{"count":1,"href":"https:\/\/www.nvssf.com\/forbundet\/wp-json\/wp\/v2\/pages\/8843\/revisions"}],"predecessor-version":[{"id":8978,"href":"https:\/\/www.nvssf.com\/forbundet\/wp-json\/wp\/v2\/pages\/8843\/revisions\/8978"}],"up":[{"embeddable":true,"href":"https:\/\/www.nvssf.com\/forbundet\/wp-json\/wp\/v2\/pages\/8234"}],"wp:attachment":[{"href":"https:\/\/www.nvssf.com\/forbundet\/wp-json\/wp\/v2\/media?parent=8843"}],"curies":[{"name":"wp","href":"https:\/\/api.w.org\/{rel}","templated":true}]}}