{"id":8919,"date":"2020-06-10T10:02:09","date_gmt":"2020-06-10T08:02:09","guid":{"rendered":"http:\/\/www.nvssf.com\/forbundet\/?page_id=8919"},"modified":"2020-07-12T20:51:03","modified_gmt":"2020-07-12T18:51:03","slug":"swedish-team-battle-div-iii-2020-sasong-2","status":"publish","type":"page","link":"https:\/\/www.nvssf.com\/forbundet\/resultat\/resultat-2020\/swedish-team-battle-div-iii-2020-sasong-2\/","title":{"rendered":"Swedish Team Battle Div III 2020 s\u00e4song 2"},"content":{"rendered":"<p><a href=\"https:\/\/www.nvssf.com\/forbundet\/wp-content\/uploads\/2020\/04\/swedish-Teambattlelogga.jpg\"><img loading=\"lazy\" decoding=\"async\" class=\"aligncenter size-thumbnail wp-image-8718\" src=\"https:\/\/www.nvssf.com\/forbundet\/wp-content\/uploads\/2020\/04\/swedish-Teambattlelogga-150x84.jpg\" alt=\"\" width=\"150\" height=\"84\" srcset=\"https:\/\/www.nvssf.com\/forbundet\/wp-content\/uploads\/2020\/04\/swedish-Teambattlelogga-150x84.jpg 150w, https:\/\/www.nvssf.com\/forbundet\/wp-content\/uploads\/2020\/04\/swedish-Teambattlelogga-300x169.jpg 300w, https:\/\/www.nvssf.com\/forbundet\/wp-content\/uploads\/2020\/04\/swedish-Teambattlelogga-500x281.jpg 500w, https:\/\/www.nvssf.com\/forbundet\/wp-content\/uploads\/2020\/04\/swedish-Teambattlelogga.jpg 588w\" sizes=\"(max-width: 150px) 100vw, 150px\" \/><\/a><br \/>\nBet\u00e4nketid: 3 minuter + 2 sec inc.<\/p>\n<p>Spelplats: <a href=\"https:\/\/lichess.org\/\" target=\"_blank\" rel=\"noopener noreferrer\">https:\/\/lichess.org\/<\/a><\/p>\n<p>| <a href=\"https:\/\/www.nvssf.com\/forbundet\/wp-content\/uploads\/2020\/07\/sctbDiv3S2_2020_v5.pgn\">Partier<\/a> |<\/p>\n<h3>Tabell<\/h3>\n\n<table id=\"tablepress-125\" class=\"tablepress tablepress-id-125\">\n<thead>\n<tr class=\"row-1\">\n\t<th class=\"column-1\">Plac.<\/th><th class=\"column-2\">Lag<\/th><th class=\"column-3\">Partipo\u00e4ng r1<\/th><th class=\"column-4\">Partipo\u00e4ng r2<\/th><th class=\"column-5\">Partipo\u00e4ng r3<\/th><th class=\"column-6\">Partipo\u00e4ng r4<\/th><th class=\"column-7\">Partipo\u00e4ng r5<\/th><th class=\"column-8\">Po\u00e4ng<\/th>\n<\/tr>\n<\/thead>\n<tbody class=\"row-striping row-hover\">\n<tr class=\"row-2\">\n\t<td class=\"column-1\">1<\/td><td class=\"column-2\">Malm\u00f6 AS<\/td><td class=\"column-3\">299<\/td><td class=\"column-4\">217<\/td><td class=\"column-5\">323<\/td><td class=\"column-6\">353<\/td><td class=\"column-7\">314<\/td><td class=\"column-8\">53<\/td>\n<\/tr>\n<tr class=\"row-3\">\n\t<td class=\"column-1\">2<\/td><td class=\"column-2\">Kristineberg SCB<\/td><td class=\"column-3\">182<\/td><td class=\"column-4\">261<\/td><td class=\"column-5\">269<\/td><td class=\"column-6\">265<\/td><td class=\"column-7\">283<\/td><td class=\"column-8\">43<\/td>\n<\/tr>\n<tr class=\"row-4\">\n\t<td class=\"column-1\">3<\/td><td class=\"column-2\">Helsingborgs ASK<\/td><td class=\"column-3\">261<\/td><td class=\"column-4\">222<\/td><td class=\"column-5\">257<\/td><td class=\"column-6\">260<\/td><td class=\"column-7\">272<\/td><td class=\"column-8\">40<\/td>\n<\/tr>\n<tr class=\"row-5\">\n\t<td class=\"column-1\">4<\/td><td class=\"column-2\">Ervalla SS<\/td><td class=\"column-3\">215<\/td><td class=\"column-4\">281<\/td><td class=\"column-5\">250<\/td><td class=\"column-6\">235<\/td><td class=\"column-7\">256<\/td><td class=\"column-8\">37<\/td>\n<\/tr>\n<tr class=\"row-6\">\n\t<td class=\"column-1\">5<\/td><td class=\"column-2\">Link\u00f6pings ASS<\/td><td class=\"column-3\">174<\/td><td class=\"column-4\">262<\/td><td class=\"column-5\">265<\/td><td class=\"column-6\">235<\/td><td class=\"column-7\">204<\/td><td class=\"column-8\">33<\/td>\n<\/tr>\n<tr class=\"row-7\">\n\t<td class=\"column-1\">6<\/td><td class=\"column-2\">Trojanska H\u00e4sten<\/td><td class=\"column-3\">247<\/td><td class=\"column-4\">222<\/td><td class=\"column-5\">178<\/td><td class=\"column-6\">242<\/td><td class=\"column-7\">103<\/td><td class=\"column-8\">28<\/td>\n<\/tr>\n<tr class=\"row-8\">\n\t<td class=\"column-1\">7<\/td><td class=\"column-2\">Eskilstuna SK<\/td><td class=\"column-3\">227<\/td><td class=\"column-4\">205<\/td><td class=\"column-5\">151<\/td><td class=\"column-6\">201<\/td><td class=\"column-7\">120<\/td><td class=\"column-8\">23<\/td>\n<\/tr>\n<tr class=\"row-9\">\n\t<td class=\"column-1\">8<\/td><td class=\"column-2\">Helsingborgs SS<\/td><td class=\"column-3\">151<\/td><td class=\"column-4\">108<\/td><td class=\"column-5\">144<\/td><td class=\"column-6\">107<\/td><td class=\"column-7\">131<\/td><td class=\"column-8\">14<\/td>\n<\/tr>\n<tr class=\"row-10\">\n\t<td class=\"column-1\">9<\/td><td class=\"column-2\">Blekinge-Nordsk\u00e5ne<\/td><td class=\"column-3\">138<\/td><td class=\"column-4\">192<\/td><td class=\"column-5\">105<\/td><td class=\"column-6\">93<\/td><td class=\"column-7\">111<\/td><td class=\"column-8\">11<\/td>\n<\/tr>\n<tr class=\"row-11\">\n\t<td class=\"column-1\">10<\/td><td class=\"column-2\">Kalmar-V\u00e4sterviksalliansen<\/td><td class=\"column-3\">94<\/td><td class=\"column-4\">113<\/td><td class=\"column-5\">97<\/td><td class=\"column-6\">175<\/td><td class=\"column-7\">189<\/td><td class=\"column-8\">8<\/td>\n<\/tr>\n<\/tbody>\n<\/table>\n<!-- #tablepress-125 from cache -->\n<p><strong>Po\u00e4ngber\u00e4kning:<\/strong><br \/>\nEttan: 12 po\u00e4ng<br \/>\nTv\u00e5an: 10 po\u00e4ng.<br \/>\nTrean: 8 po\u00e4ng.<br \/>\nFyran: 7 po\u00e4ng.<br \/>\nFemman: 6 po\u00e4ng.<br \/>\nSexan: 5 po\u00e4ng.<br \/>\nSjuan: 4 po\u00e4ng.<br \/>\n\u00c5ttan: 3 po\u00e4ng.<br \/>\nNian: 2 po\u00e4ng.<br \/>\nTian: 1 po\u00e4ng.<\/p>\n<h3>Ronder<\/h3>\n<p><a href=\"https:\/\/lichess.org\/tournament\/hcrxzFTY\" target=\"_blank\" rel=\"noopener noreferrer\">14 juni: Rond 1<\/a><\/p>\n<p><a href=\"https:\/\/lichess.org\/tournament\/noiI749j\" target=\"_blank\" rel=\"noopener noreferrer\">21 juni: Rond 2<\/a><\/p>\n<p><a href=\"https:\/\/lichess.org\/tournament\/BZqaZ5HM\" target=\"_blank\" rel=\"noopener noreferrer\">28 juni: Rond 3<\/a><\/p>\n<p><a href=\"https:\/\/lichess.org\/tournament\/RL2rG9bq\" target=\"_blank\" rel=\"noopener noreferrer\">5 juli: Rond 4<\/a><\/p>\n<p><a href=\"https:\/\/lichess.org\/tournament\/bpgTnJ4F\" target=\"_blank\" rel=\"noopener noreferrer\">12 juli: Rond 5<\/a><\/p>\n<p><a href=\"https:\/\/schack.se\/nyhet\/sverige\/2020\/03\/uppdatering-regler-om-fusk-och-spelarnamn-i-swedish-chess-team-battle\/\" target=\"_blank\" rel=\"noopener noreferrer\">Regler<\/a><\/p>\n","protected":false},"excerpt":{"rendered":"<p>Bet\u00e4nketid: 3 minuter + 2 sec inc. Spelplats: https:\/\/lichess.org\/ | Partier | Tabell Po\u00e4ngber\u00e4kning: Ettan: 12 po\u00e4ng Tv\u00e5an: 10 po\u00e4ng. Trean: 8 po\u00e4ng. Fyran: 7 po\u00e4ng. Femman: 6 po\u00e4ng. Sexan: 5 po\u00e4ng. Sjuan: 4 po\u00e4ng. \u00c5ttan: 3 po\u00e4ng. Nian: 2 &hellip; <a href=\"https:\/\/www.nvssf.com\/forbundet\/resultat\/resultat-2020\/swedish-team-battle-div-iii-2020-sasong-2\/\">Forts\u00e4tt l\u00e4sa <span class=\"meta-nav\">&rarr;<\/span><\/a><\/p>\n","protected":false},"author":2,"featured_media":0,"parent":8234,"menu_order":0,"comment_status":"closed","ping_status":"open","template":"","meta":{"_acf_changed":false,"footnotes":""},"acf":[],"_links":{"self":[{"href":"https:\/\/www.nvssf.com\/forbundet\/wp-json\/wp\/v2\/pages\/8919"}],"collection":[{"href":"https:\/\/www.nvssf.com\/forbundet\/wp-json\/wp\/v2\/pages"}],"about":[{"href":"https:\/\/www.nvssf.com\/forbundet\/wp-json\/wp\/v2\/types\/page"}],"author":[{"embeddable":true,"href":"https:\/\/www.nvssf.com\/forbundet\/wp-json\/wp\/v2\/users\/2"}],"replies":[{"embeddable":true,"href":"https:\/\/www.nvssf.com\/forbundet\/wp-json\/wp\/v2\/comments?post=8919"}],"version-history":[{"count":1,"href":"https:\/\/www.nvssf.com\/forbundet\/wp-json\/wp\/v2\/pages\/8919\/revisions"}],"predecessor-version":[{"id":9042,"href":"https:\/\/www.nvssf.com\/forbundet\/wp-json\/wp\/v2\/pages\/8919\/revisions\/9042"}],"up":[{"embeddable":true,"href":"https:\/\/www.nvssf.com\/forbundet\/wp-json\/wp\/v2\/pages\/8234"}],"wp:attachment":[{"href":"https:\/\/www.nvssf.com\/forbundet\/wp-json\/wp\/v2\/media?parent=8919"}],"curies":[{"name":"wp","href":"https:\/\/api.w.org\/{rel}","templated":true}]}}