{"id":9226,"date":"2020-09-22T14:27:44","date_gmt":"2020-09-22T12:27:44","guid":{"rendered":"http:\/\/www.nvssf.com\/forbundet\/?page_id=9226"},"modified":"2020-09-23T15:03:34","modified_gmt":"2020-09-23T13:03:34","slug":"oppna-skanska-skolmasterskapet-2020","status":"publish","type":"page","link":"https:\/\/www.nvssf.com\/forbundet\/resultat\/resultat-2020\/oppna-skanska-skolmasterskapet-2020\/","title":{"rendered":"\u00d6ppna Sk\u00e5nska Skolm\u00e4sterskapet  2020"},"content":{"rendered":"<p><strong>Arrang\u00f6r:<\/strong> <a href=\"http:\/\/skaneschack.se\/\" target=\"_blank\" rel=\"noopener noreferrer\">Sk\u00e5nes Schackf\u00f6rbund<\/a><br \/>\n<strong>Spellokal:\u00c2\u00a0<\/strong>Limhamns Folkets Hus<br \/>\n<strong>Datum: <\/strong>19 september 2020<\/p>\n<h1>Juniorklassen: (f\u00f6dda 2000 &#8211; 03) 5 ronder<\/h1>\n<p>1. Isam Kayyali Malm\u00f6 Universitet 5<br \/>\n2. Majed Fakhr Blekinge TH, Karlskrona 4<br \/>\n3. Anton Sigurdson Lunds TH 3<br \/>\n4. Rio Philips Katedralskolan, Lund 2<br \/>\n5. Gunduz Mamadov Latinskolan, Malm\u00f6 1<\/p>\n<h1>Kadettklassen: (f\u00f6dda 2004 \u00e2\u20ac\u201c 07) 5 ronder<\/h1>\n<p>1. Oscar J\u00f6nsson LBS, Lund 5<br \/>\n2. Asker Malmstr\u00f6m R\u00f6nnenskolan, Malm\u00f6 4<br \/>\n3. Sebastian Olsson Norrev\u00e5ngskolan, Esl\u00f6v 3\u00bd (14.0)<br \/>\n4. Damian Mora M\u00f6llev\u00e5ngskolan, Malm\u00f6 3\u00bd (13.5)<br \/>\n5. Alexander Aindow Carl Engstr\u00f6ms gymn. Esl\u00f6v 3\u00bd (12.0)<br \/>\n6. David Petersson Lunds Montessori grundskola 3\u00bd (9.5)<br \/>\n7. William Johansson Frostaskolan, H\u00f6rby 3 (15.5)<br \/>\n8. Ali Eid IES, Landskrona 3 (12.0)<br \/>\n9. Haider AlSherufi Thor\u00c3\u00a9n BS, Helsingborg 3 (11.0)<br \/>\n10. Oliver Holmqvist Aggarpsskolan, Svedala 3 (10.5)<br \/>\n11. Alrik Andersson Aggarpsskolan, Svedala 3 (6.0)<br \/>\n12. Marius SchrieverAbela S\u00e4ndrumsskolan, Halmstad 2 (12.5)<br \/>\n13. Jokubas Sauklys Jonstorp skolan 2 (12.0)<br \/>\n14. Elias Seitzberg Bergaskolan, Malm\u00f6 2 (11.0)<br \/>\n15. Elina Mamadova Backaskolan, Malm\u00f6 2 (9.5)<br \/>\n16. Sigvard \u00c5kesson Mellersta F\u00f6rstadsskolan Malm\u00f6 1 (12.5)<br \/>\n17. Gabor Szilagyi Kristianstads Montessoriskolan 1 (11.5)<br \/>\n18. Sannika Dodagatta ISH, Helsingborg 1 (10.0)<br \/>\n19. Anton Engkvist Glumsl\u00f6vs skola 1 (9.0)<\/p>\n<h1>Miniorklassen: (f\u00f6dda 2008 &#8211; 09) 6 ronder. 3 p vinst,2 p remi,1 p f\u00f6rlust<\/h1>\n<p>1. Elsa Andersson Marieskolan, Marieholm 16 (73)<br \/>\n2. Dawen Wang Tunaskolan, Lund 16 (71)<br \/>\n3. Theodor Stedman Backaskolan, Malm\u00f6 16 (70)<br \/>\n4. Magnus Sejersb\u00f6l Pilb\u00e4ckskolan, Tygelsj\u00f6 14 (70)<br \/>\n5. August Ahnfeldt Engdahl Stora Hammars skola, H\u00f6llviken 14 (67)<br \/>\n6. Debasman Koley ISH, Helsingborg 14 (61)<br \/>\n7. Anirudh Nugaraja ISH, Helsingborg 13<br \/>\n8. Matthew Lee Ringstorpskolan, Helsingborg 12 (68)<br \/>\n9. Mille Montelin Rydeb\u00e4ckskolan, Helsingborg 12 (68)<br \/>\n10. Viggo Pet\u00f6 Ekberg V\u00e4stra Hamnens skola, Malm\u00f6 12 (60)<br \/>\n11. Noah Schlyter Khazaal All\u00c3\u00a9skolan, Skurup 12 (59)<br \/>\n12. Hugo Andersson Marieskolan, Marieholm 11<br \/>\n13. Gustav Arvidsson Hj\u00e4rups skola 10 (66)<br \/>\n14. Jafar Ied IES, Landskrona 10 (62)<br \/>\n15. Krethik Krishna ISH, Helsingborg 10 (57)<br \/>\n16. Tanav Dodagatta ISH, Helsingborg 10 (56)<br \/>\n17. Hjalmar \u00c5str\u00f6m V\u00e4stra Hamnens skola, Malm\u00f6 8<\/p>\n<h1>Yngre Miniorklassen: (f\u00f6dda 2010 och senare) 7 ronder. 3 p vinst,2 p remi,1 p f\u00f6rlust<\/h1>\n<p>1. Guanbo Cong Malm\u00f6 International School 20 po\u00e4ng \/ 21<br \/>\n2. Qianru Zhong Flygelskolan, Lund 19<br \/>\n3. Ziqian Xu Byskolan, S\u00f6dra Sandby 17<br \/>\n4. Jakob Proch\u00c3\u00a9us Byskolan, S\u00f6dra Sandby 16<br \/>\n5. Arthur Klow Karl Johanskolan, Malm\u00f6 15 (102)<br \/>\n6. Mohammad Tamimi IES, H\u00e4ssleholm 15 (101)<br \/>\n7. Algot Andersson Aggarpsskolan, Svedala 15 (96)<br \/>\n8. Oskar Andr\u00c3\u00a9 Ragnarsson Djupadalsskolan, Malm\u00f6 15 (87)<br \/>\n9. Signe Ekwall Nyv\u00e5ngskolan, Dalby 15 (85)<br \/>\n10. Carl Bergstedt Byskolan, S\u00f6dra Sandby 15 (84)<br \/>\n11. Kaixuan Tang Geijerskolan, Malm\u00f6 15 (80)<br \/>\n12. Kasper Eek Rosl\u00e4ttaskolan, Svedala 14<br \/>\n13. Olle Helmb\u00e4ck Djupadalsskolan, Malm\u00f6 13 (82)<br \/>\n14. Tudor Butuc Maria Parkskolan, Helsingborg 13 (80)<br \/>\n15. Vihaan Angara ISH, Helsingborg 13 (79)<br \/>\n16. Zack Olausson Nyv\u00e5ngskolan, Dalby 13 (78)<br \/>\n17. Eskil Palom\u00e4ki Ribersborgsskolan, Malm\u00f6 12<br \/>\n18. Vilmer \u00d6gger Ever\u00f6ds skola 11 (84)<br \/>\n19. Lasse Verhulst Malm\u00f6 International School 11 (81)<br \/>\n20. Otto Moreau Welin Karl Johanskolan, Malm\u00f6 11 (77)<br \/>\n21. Haidara Ied All\u00c3\u00a9skolan, Landskrona 10<br \/>\n22. Linn Th\u00f6rn Glasbrukskolan, Malm\u00f6 9<\/p>\n","protected":false},"excerpt":{"rendered":"<p>Arrang\u00f6r: Sk\u00e5nes Schackf\u00f6rbund Spellokal:\u00c2\u00a0Limhamns Folkets Hus Datum: 19 september 2020 Juniorklassen: (f\u00f6dda 2000 &#8211; 03) 5 ronder 1. Isam Kayyali Malm\u00f6 Universitet 5 2. Majed Fakhr Blekinge TH, Karlskrona 4 3. Anton Sigurdson Lunds TH 3 4. Rio Philips Katedralskolan, &hellip; <a href=\"https:\/\/www.nvssf.com\/forbundet\/resultat\/resultat-2020\/oppna-skanska-skolmasterskapet-2020\/\">Forts\u00e4tt l\u00e4sa <span class=\"meta-nav\">&rarr;<\/span><\/a><\/p>\n","protected":false},"author":2,"featured_media":0,"parent":8234,"menu_order":0,"comment_status":"closed","ping_status":"open","template":"sidebar-page.php","meta":{"_acf_changed":false,"footnotes":""},"acf":[],"_links":{"self":[{"href":"https:\/\/www.nvssf.com\/forbundet\/wp-json\/wp\/v2\/pages\/9226"}],"collection":[{"href":"https:\/\/www.nvssf.com\/forbundet\/wp-json\/wp\/v2\/pages"}],"about":[{"href":"https:\/\/www.nvssf.com\/forbundet\/wp-json\/wp\/v2\/types\/page"}],"author":[{"embeddable":true,"href":"https:\/\/www.nvssf.com\/forbundet\/wp-json\/wp\/v2\/users\/2"}],"replies":[{"embeddable":true,"href":"https:\/\/www.nvssf.com\/forbundet\/wp-json\/wp\/v2\/comments?post=9226"}],"version-history":[{"count":1,"href":"https:\/\/www.nvssf.com\/forbundet\/wp-json\/wp\/v2\/pages\/9226\/revisions"}],"predecessor-version":[{"id":9242,"href":"https:\/\/www.nvssf.com\/forbundet\/wp-json\/wp\/v2\/pages\/9226\/revisions\/9242"}],"up":[{"embeddable":true,"href":"https:\/\/www.nvssf.com\/forbundet\/wp-json\/wp\/v2\/pages\/8234"}],"wp:attachment":[{"href":"https:\/\/www.nvssf.com\/forbundet\/wp-json\/wp\/v2\/media?parent=9226"}],"curies":[{"name":"wp","href":"https:\/\/api.w.org\/{rel}","templated":true}]}}