{"id":9300,"date":"2020-10-01T14:28:36","date_gmt":"2020-10-01T12:28:36","guid":{"rendered":"http:\/\/www.nvssf.com\/forbundet\/?page_id=9300"},"modified":"2020-10-13T12:16:25","modified_gmt":"2020-10-13T10:16:25","slug":"ungdomsserien-div-4","status":"publish","type":"page","link":"https:\/\/www.nvssf.com\/forbundet\/ungdomsserien-div-4\/","title":{"rendered":"Sk\u00e5nes SF Ungdomsserie Div 4"},"content":{"rendered":"<p>Tv\u00e5 sammandrag spelas varje rond p\u00e5 tv\u00e5 olika orter. Undantaget \u00e4r sista ronden, d\u00e5 spelar alla lag tillsammans i Helsingborg.<\/p>\n<h2>Rond 1-2 2020-10-24 Arr: SK Bara B\u00f6nder<\/h2>\n<p>SK Bara B\u00f6nder 2 &#8211; En Passant 3<br \/>\nHelsingborgs ASK 5 &#8211; Helsingborgs ASK 4<\/p>\n<p>En Passant 3 &#8211; Helsingborgs ASK 5<br \/>\nHelsingborgs ASK 4 &#8211; SK Bara B\u00f6nder 2<\/p>\n<h2>Rond 1-2 2020-10-24 Arr: Limhamns SK<\/h2>\n<p>Limhamns SK 5 &#8211; Limhamns SK 4<br \/>\nLimhamns SK 3 &#8211; Kristianstads SS<\/p>\n<p>Limhamns SK 4 &#8211; Limhamns SK 3<br \/>\nKristianstads SS &#8211; Limhamns SK 5<\/p>\n<h2>Rond 3-4 2020-11-21 Arr: Limhamns SK<\/h2>\n<p>SK Bara B\u00f6nder 2 &#8211; Limhamns SK 5<br \/>\nEn Passant 3 &#8211; Limhamns SK 4<\/p>\n<p>Limhamns SK 4 &#8211; SK Bara B\u00f6nder 2<br \/>\nLimhamns SK 5 &#8211; En Passant 3<\/p>\n<h2>Rond 3-4 2020-11-21 Arr: Helsingborgs ASK<\/h2>\n<p>Helsingborgs ASK 5 &#8211; Limhamns SK 3<br \/>\nHelsingborgs ASK 4 &#8211; Kristianstads SS<\/p>\n<p>Limhamns SK 3 &#8211; Helsingborgs ASK 4<br \/>\nKristianstads SS &#8211; Helsingborgs ASK 5<\/p>\n<h2>Rond 5-6 2021-01-30 Arr: En Passant<\/h2>\n<p>SK Bara B\u00f6nder &#8211; Limhamns SK 3<br \/>\nEn Passant 3 &#8211; Kristianstads SS<\/p>\n<p>Limhamns SK 3 &#8211; En Passant 3<br \/>\nKristianstads SS &#8211; SK Bara B\u00f6nder 2<\/p>\n<h2>Rond 5-6 2021-01-30 Arr: Limhamns SK<\/h2>\n<p>Helsingborgs ASK 5 &#8211; Limhamns SK 5<br \/>\nHelsingborgs ASK 4- Limhamns SK 4<\/p>\n<p>Limhamns SK 5 &#8211; Helsingborgs ASK 4<br \/>\nLimhamns SK 4 &#8211; Helsingborgs ASK 5<\/p>\n<h2>Rond 7 2021-03-06 Arr: Helsingborgs ASK (Helsingborg)<\/h2>\n<p>SK Bara B\u00f6nder 2 &#8211; Helsingborgs ASK 5<br \/>\nEn Passant 3 &#8211; Helsingborgs ASK 4<br \/>\nLimhamns SK 5 &#8211; Limhamns SK 3<br \/>\nLimhamns SK 4 &#8211; Kristianstads SS<\/p>\n","protected":false},"excerpt":{"rendered":"<p>Tv\u00e5 sammandrag spelas varje rond p\u00e5 tv\u00e5 olika orter. Undantaget \u00e4r sista ronden, d\u00e5 spelar alla lag tillsammans i Helsingborg. Rond 1-2 2020-10-24 Arr: SK Bara B\u00f6nder SK Bara B\u00f6nder 2 &#8211; En Passant 3 Helsingborgs ASK 5 &#8211; Helsingborgs &hellip; <a href=\"https:\/\/www.nvssf.com\/forbundet\/ungdomsserien-div-4\/\">Forts\u00e4tt l\u00e4sa <span class=\"meta-nav\">&rarr;<\/span><\/a><\/p>\n","protected":false},"author":2,"featured_media":0,"parent":0,"menu_order":0,"comment_status":"closed","ping_status":"open","template":"sidebar-page.php","meta":{"_acf_changed":false,"footnotes":""},"acf":[],"_links":{"self":[{"href":"https:\/\/www.nvssf.com\/forbundet\/wp-json\/wp\/v2\/pages\/9300"}],"collection":[{"href":"https:\/\/www.nvssf.com\/forbundet\/wp-json\/wp\/v2\/pages"}],"about":[{"href":"https:\/\/www.nvssf.com\/forbundet\/wp-json\/wp\/v2\/types\/page"}],"author":[{"embeddable":true,"href":"https:\/\/www.nvssf.com\/forbundet\/wp-json\/wp\/v2\/users\/2"}],"replies":[{"embeddable":true,"href":"https:\/\/www.nvssf.com\/forbundet\/wp-json\/wp\/v2\/comments?post=9300"}],"version-history":[{"count":1,"href":"https:\/\/www.nvssf.com\/forbundet\/wp-json\/wp\/v2\/pages\/9300\/revisions"}],"predecessor-version":[{"id":9346,"href":"https:\/\/www.nvssf.com\/forbundet\/wp-json\/wp\/v2\/pages\/9300\/revisions\/9346"}],"wp:attachment":[{"href":"https:\/\/www.nvssf.com\/forbundet\/wp-json\/wp\/v2\/media?parent=9300"}],"curies":[{"name":"wp","href":"https:\/\/api.w.org\/{rel}","templated":true}]}}