{"id":9403,"date":"2020-10-26T12:26:45","date_gmt":"2020-10-26T11:26:45","guid":{"rendered":"http:\/\/www.nvssf.com\/forbundet\/?page_id=9403"},"modified":"2020-11-01T15:24:14","modified_gmt":"2020-11-01T14:24:14","slug":"scandic-helsingborg-nord-open-oktober","status":"publish","type":"page","link":"https:\/\/www.nvssf.com\/forbundet\/resultat\/resultat-2020\/scandic-helsingborg-nord-open-oktober\/","title":{"rendered":"Scandic Helsingborg Nord Open oktober"},"content":{"rendered":"<p><strong>Datum: <\/strong>24 &#8211; 25 oktober<\/p>\n<p><strong>Arrang\u00f6r:<\/strong> <a href=\"https:\/\/hask.nu\/\" target=\"_blank\" rel=\"noopener noreferrer\">Helsingborgs ASK<\/a><\/p>\n<p><strong>Spellokal:<\/strong> <a href=\"https:\/\/www.scandichotels.se\/hotell\/sverige\/helsingborg\/scandic-helsingborg-nord\" target=\"_blank\" rel=\"noopener noreferrer\">Hotell Scandic Helsingborg Nord<\/a><\/p>\n<p><strong>Bet\u00e4nketid:<\/strong> 90 minuter + 30 sekunders inkrement fr\u00e5n drag 1.<\/p>\n<p><strong>Spelformat:<\/strong> 4-manna bergergrupper indelade efter ranking<\/p>\n<h3>Resultat (modifierade bergertabeller)<\/h3>\n<p><a href=\"https:\/\/www.nvssf.com\/forbundet\/wp-content\/uploads\/2020\/10\/ScandicOktoberGr1.png\"><img loading=\"lazy\" decoding=\"async\" class=\"alignleft size-full wp-image-9402\" src=\"https:\/\/www.nvssf.com\/forbundet\/wp-content\/uploads\/2020\/10\/ScandicOktoberGr1.png\" alt=\"\" width=\"597\" height=\"292\" srcset=\"https:\/\/www.nvssf.com\/forbundet\/wp-content\/uploads\/2020\/10\/ScandicOktoberGr1.png 597w, https:\/\/www.nvssf.com\/forbundet\/wp-content\/uploads\/2020\/10\/ScandicOktoberGr1-300x147.png 300w, https:\/\/www.nvssf.com\/forbundet\/wp-content\/uploads\/2020\/10\/ScandicOktoberGr1-150x73.png 150w, https:\/\/www.nvssf.com\/forbundet\/wp-content\/uploads\/2020\/10\/ScandicOktoberGr1-500x245.png 500w\" sizes=\"(max-width: 597px) 100vw, 597px\" \/><\/a><\/p>\n<p><a href=\"https:\/\/www.nvssf.com\/forbundet\/wp-content\/uploads\/2020\/10\/ScandicOktoberGr2.png\"><img loading=\"lazy\" decoding=\"async\" class=\"alignleft size-full wp-image-9401\" src=\"https:\/\/www.nvssf.com\/forbundet\/wp-content\/uploads\/2020\/10\/ScandicOktoberGr2.png\" alt=\"\" width=\"586\" height=\"269\" srcset=\"https:\/\/www.nvssf.com\/forbundet\/wp-content\/uploads\/2020\/10\/ScandicOktoberGr2.png 586w, https:\/\/www.nvssf.com\/forbundet\/wp-content\/uploads\/2020\/10\/ScandicOktoberGr2-300x138.png 300w, https:\/\/www.nvssf.com\/forbundet\/wp-content\/uploads\/2020\/10\/ScandicOktoberGr2-150x69.png 150w, https:\/\/www.nvssf.com\/forbundet\/wp-content\/uploads\/2020\/10\/ScandicOktoberGr2-500x230.png 500w\" sizes=\"(max-width: 586px) 100vw, 586px\" \/><\/a><\/p>\n<p><a href=\"https:\/\/www.nvssf.com\/forbundet\/wp-content\/uploads\/2020\/11\/ScandicOktoberGr3.png\"><img loading=\"lazy\" decoding=\"async\" class=\"alignleft size-full wp-image-9421\" src=\"https:\/\/www.nvssf.com\/forbundet\/wp-content\/uploads\/2020\/11\/ScandicOktoberGr3.png\" alt=\"\" width=\"633\" height=\"279\" srcset=\"https:\/\/www.nvssf.com\/forbundet\/wp-content\/uploads\/2020\/11\/ScandicOktoberGr3.png 633w, https:\/\/www.nvssf.com\/forbundet\/wp-content\/uploads\/2020\/11\/ScandicOktoberGr3-300x132.png 300w, https:\/\/www.nvssf.com\/forbundet\/wp-content\/uploads\/2020\/11\/ScandicOktoberGr3-150x66.png 150w, https:\/\/www.nvssf.com\/forbundet\/wp-content\/uploads\/2020\/11\/ScandicOktoberGr3-500x220.png 500w\" sizes=\"(max-width: 633px) 100vw, 633px\" \/><\/a><\/p>\n<p><a href=\"https:\/\/www.nvssf.com\/forbundet\/wp-content\/uploads\/2020\/10\/ScandicOktoberGr4.png\"><img loading=\"lazy\" decoding=\"async\" class=\"alignleft size-full wp-image-9399\" src=\"https:\/\/www.nvssf.com\/forbundet\/wp-content\/uploads\/2020\/10\/ScandicOktoberGr4.png\" alt=\"\" width=\"591\" height=\"286\" srcset=\"https:\/\/www.nvssf.com\/forbundet\/wp-content\/uploads\/2020\/10\/ScandicOktoberGr4.png 591w, https:\/\/www.nvssf.com\/forbundet\/wp-content\/uploads\/2020\/10\/ScandicOktoberGr4-300x145.png 300w, https:\/\/www.nvssf.com\/forbundet\/wp-content\/uploads\/2020\/10\/ScandicOktoberGr4-150x73.png 150w, https:\/\/www.nvssf.com\/forbundet\/wp-content\/uploads\/2020\/10\/ScandicOktoberGr4-500x242.png 500w\" sizes=\"(max-width: 591px) 100vw, 591px\" \/><\/a><\/p>\n<p><a href=\"https:\/\/www.nvssf.com\/forbundet\/wp-content\/uploads\/2020\/10\/ScandicOktoberGr5.png\"><img loading=\"lazy\" decoding=\"async\" class=\"alignleft size-full wp-image-9398\" src=\"https:\/\/www.nvssf.com\/forbundet\/wp-content\/uploads\/2020\/10\/ScandicOktoberGr5.png\" alt=\"\" width=\"601\" height=\"277\" srcset=\"https:\/\/www.nvssf.com\/forbundet\/wp-content\/uploads\/2020\/10\/ScandicOktoberGr5.png 601w, https:\/\/www.nvssf.com\/forbundet\/wp-content\/uploads\/2020\/10\/ScandicOktoberGr5-300x138.png 300w, https:\/\/www.nvssf.com\/forbundet\/wp-content\/uploads\/2020\/10\/ScandicOktoberGr5-150x69.png 150w, https:\/\/www.nvssf.com\/forbundet\/wp-content\/uploads\/2020\/10\/ScandicOktoberGr5-500x230.png 500w\" sizes=\"(max-width: 601px) 100vw, 601px\" \/><\/a><\/p>\n<p><a href=\"https:\/\/www.nvssf.com\/forbundet\/wp-content\/uploads\/2020\/10\/ScandicOktoberGr6.png\"><img loading=\"lazy\" decoding=\"async\" class=\"alignleft size-full wp-image-9397\" src=\"https:\/\/www.nvssf.com\/forbundet\/wp-content\/uploads\/2020\/10\/ScandicOktoberGr6.png\" alt=\"\" width=\"579\" height=\"282\" srcset=\"https:\/\/www.nvssf.com\/forbundet\/wp-content\/uploads\/2020\/10\/ScandicOktoberGr6.png 579w, https:\/\/www.nvssf.com\/forbundet\/wp-content\/uploads\/2020\/10\/ScandicOktoberGr6-300x146.png 300w, https:\/\/www.nvssf.com\/forbundet\/wp-content\/uploads\/2020\/10\/ScandicOktoberGr6-150x73.png 150w, https:\/\/www.nvssf.com\/forbundet\/wp-content\/uploads\/2020\/10\/ScandicOktoberGr6-500x244.png 500w\" sizes=\"(max-width: 579px) 100vw, 579px\" \/><\/a><\/p>\n<p><a href=\"https:\/\/www.nvssf.com\/forbundet\/wp-content\/uploads\/2020\/10\/ScandicOktoberGr7.png\"><img loading=\"lazy\" decoding=\"async\" class=\"alignleft size-full wp-image-9396\" src=\"https:\/\/www.nvssf.com\/forbundet\/wp-content\/uploads\/2020\/10\/ScandicOktoberGr7.png\" alt=\"\" width=\"570\" height=\"288\" srcset=\"https:\/\/www.nvssf.com\/forbundet\/wp-content\/uploads\/2020\/10\/ScandicOktoberGr7.png 570w, https:\/\/www.nvssf.com\/forbundet\/wp-content\/uploads\/2020\/10\/ScandicOktoberGr7-300x152.png 300w, https:\/\/www.nvssf.com\/forbundet\/wp-content\/uploads\/2020\/10\/ScandicOktoberGr7-150x76.png 150w, https:\/\/www.nvssf.com\/forbundet\/wp-content\/uploads\/2020\/10\/ScandicOktoberGr7-500x253.png 500w\" sizes=\"(max-width: 570px) 100vw, 570px\" \/><\/a><\/p>\n<p>Grupp 8 hade sex deltagare och spelade en 3-ronders schweizer.<\/p>\n<pre>Namn\t\t\t Klubb\t\t\telo\tPo\u00e4ng\tKvp\r\nMauritz\tBj\u00f6rck\t\t Harplinge\/Halmstad\t1408\t2.5\t4.75\r\nMarius  Schriever-Abeln\t Harplinge\/Halmstad\t1430\t2.0\t2.50\r\nElsa\tAndersson\t Esl\u00f6vs\tSK\t\t0\t2.0\t1.00\r\nFaris\tCibo\t\t Harplinge\/Halmstad\t0\t1.5\t1.25\r\nSol\tAndersson\t \u00d6rgryte SK\t\t1181\t1.0\t0.00\r\nTess\tJussila\t\t Helsingborgs ASK\t0\t0\t0.00<\/pre>\n","protected":false},"excerpt":{"rendered":"<p>Datum: 24 &#8211; 25 oktober Arrang\u00f6r: Helsingborgs ASK Spellokal: Hotell Scandic Helsingborg Nord Bet\u00e4nketid: 90 minuter + 30 sekunders inkrement fr\u00e5n drag 1. Spelformat: 4-manna bergergrupper indelade efter ranking Resultat (modifierade bergertabeller) Grupp 8 hade sex deltagare och spelade en &hellip; <a href=\"https:\/\/www.nvssf.com\/forbundet\/resultat\/resultat-2020\/scandic-helsingborg-nord-open-oktober\/\">Forts\u00e4tt l\u00e4sa <span class=\"meta-nav\">&rarr;<\/span><\/a><\/p>\n","protected":false},"author":2,"featured_media":0,"parent":8234,"menu_order":0,"comment_status":"closed","ping_status":"open","template":"sidebar-page.php","meta":{"_acf_changed":false,"footnotes":""},"acf":[],"_links":{"self":[{"href":"https:\/\/www.nvssf.com\/forbundet\/wp-json\/wp\/v2\/pages\/9403"}],"collection":[{"href":"https:\/\/www.nvssf.com\/forbundet\/wp-json\/wp\/v2\/pages"}],"about":[{"href":"https:\/\/www.nvssf.com\/forbundet\/wp-json\/wp\/v2\/types\/page"}],"author":[{"embeddable":true,"href":"https:\/\/www.nvssf.com\/forbundet\/wp-json\/wp\/v2\/users\/2"}],"replies":[{"embeddable":true,"href":"https:\/\/www.nvssf.com\/forbundet\/wp-json\/wp\/v2\/comments?post=9403"}],"version-history":[{"count":1,"href":"https:\/\/www.nvssf.com\/forbundet\/wp-json\/wp\/v2\/pages\/9403\/revisions"}],"predecessor-version":[{"id":9423,"href":"https:\/\/www.nvssf.com\/forbundet\/wp-json\/wp\/v2\/pages\/9403\/revisions\/9423"}],"up":[{"embeddable":true,"href":"https:\/\/www.nvssf.com\/forbundet\/wp-json\/wp\/v2\/pages\/8234"}],"wp:attachment":[{"href":"https:\/\/www.nvssf.com\/forbundet\/wp-json\/wp\/v2\/media?parent=9403"}],"curies":[{"name":"wp","href":"https:\/\/api.w.org\/{rel}","templated":true}]}}