{"id":12,"date":"2024-12-20T13:48:32","date_gmt":"2024-12-20T12:48:32","guid":{"rendered":"http:\/\/nvssf.com\/skromberga\/?page_id=12"},"modified":"2025-01-09T20:59:15","modified_gmt":"2025-01-09T19:59:15","slug":"styrelsen","status":"publish","type":"page","link":"https:\/\/www.nvssf.com\/skromberga\/styrelsen\/","title":{"rendered":"Styrelsen"},"content":{"rendered":"<p><strong>Ordf\u00f6rande:<\/strong><br \/>\nRoland Johansson<br \/>\n\u00c4rlagatan 21<br \/>\n26877 K\u00e5ger\u00f6d<br \/>\nTelefon: 0704-787004<br \/>\nEpost: rojo57@hotmail.se<\/p>\n<p><strong>Viceordf\u00f6rande:<br \/>\n<\/strong>Victor Gerdau<br \/>\nTelefon:0730772319<br \/>\nE- post: internetvictor(at)gmx.de<\/p>\n<p><strong>Kass\u00f6r:<\/strong><br \/>\nWalter Steffert<br \/>\nGruvgatan 4<br \/>\n26775 Ekeby<br \/>\nEpost: schack40@gmail.com<\/p>\n<p><strong>Sekreterare:<\/strong><br \/>\nLars Persson<br \/>\nL\u00e4rkgatan 13 A<br \/>\n26775 Ekeby<br \/>\nTelefon: 073-6262325<br \/>\nEpost: persson.larsa@gmail.com<\/p>\n<p><strong>Suppleant:<\/strong><br \/>\nMarcus Karlsson<br \/>\n\u00c5storp<\/p>\n<p>&nbsp;<\/p>\n<p>&nbsp;<\/p>\n","protected":false},"excerpt":{"rendered":"<p>Ordf\u00f6rande: Roland Johansson \u00c4rlagatan 21 26877 K\u00e5ger\u00f6d Telefon: 0704-787004 Epost: rojo57@hotmail.se Viceordf\u00f6rande: Victor Gerdau Telefon:0730772319 E- post: internetvictor(at)gmx.de Kass\u00f6r: Walter Steffert Gruvgatan 4 26775 Ekeby Epost: schack40@gmail.com Sekreterare: Lars Persson L\u00e4rkgatan 13 A 26775 Ekeby Telefon: 073-6262325 Epost: persson.larsa@gmail.com Suppleant: Marcus Karlsson \u00c5storp &nbsp; &nbsp;<\/p>\n","protected":false},"author":1,"featured_media":0,"parent":0,"menu_order":0,"comment_status":"closed","ping_status":"closed","template":"","meta":{"footnotes":""},"class_list":["post-12","page","type-page","status-publish","hentry"],"_links":{"self":[{"href":"https:\/\/www.nvssf.com\/skromberga\/wp-json\/wp\/v2\/pages\/12","targetHints":{"allow":["GET"]}}],"collection":[{"href":"https:\/\/www.nvssf.com\/skromberga\/wp-json\/wp\/v2\/pages"}],"about":[{"href":"https:\/\/www.nvssf.com\/skromberga\/wp-json\/wp\/v2\/types\/page"}],"author":[{"embeddable":true,"href":"https:\/\/www.nvssf.com\/skromberga\/wp-json\/wp\/v2\/users\/1"}],"replies":[{"embeddable":true,"href":"https:\/\/www.nvssf.com\/skromberga\/wp-json\/wp\/v2\/comments?post=12"}],"version-history":[{"count":0,"href":"https:\/\/www.nvssf.com\/skromberga\/wp-json\/wp\/v2\/pages\/12\/revisions"}],"wp:attachment":[{"href":"https:\/\/www.nvssf.com\/skromberga\/wp-json\/wp\/v2\/media?parent=12"}],"curies":[{"name":"wp","href":"https:\/\/api.w.org\/{rel}","templated":true}]}}